{"id":76,"date":"2025-09-03T10:02:13","date_gmt":"2025-09-03T08:02:13","guid":{"rendered":"https:\/\/308tour.com\/contact\/"},"modified":"2025-09-03T16:42:12","modified_gmt":"2025-09-03T14:42:12","slug":"contact","status":"publish","type":"page","link":"https:\/\/308tour.com\/fr\/contact\/","title":{"rendered":"Contact"},"content":{"rendered":"<div class=\"fusion-fullwidth fullwidth-box fusion-builder-row-1 fusion-flex-container has-pattern-background has-mask-background nonhundred-percent-fullwidth non-hundred-percent-height-scrolling\" style=\"--awb-border-radius-top-left:0px;--awb-border-radius-top-right:0px;--awb-border-radius-bottom-right:0px;--awb-border-radius-bottom-left:0px;--awb-padding-top:120px;--awb-padding-bottom:120px;--awb-padding-top-medium:180px;--awb-padding-top-small:180px;--awb-flex-wrap:wrap;\" ><div class=\"fusion-builder-row fusion-row fusion-flex-align-items-flex-start fusion-flex-justify-content-center fusion-flex-content-wrap\" style=\"max-width:1248px;margin-left: calc(-4% \/ 2 );margin-right: calc(-4% \/ 2 );\"><div class=\"fusion-layout-column fusion_builder_column fusion-builder-column-0 fusion_builder_column_1_2 1_2 fusion-flex-column\" style=\"--awb-bg-size:cover;--awb-width-large:50%;--awb-margin-top-large:0px;--awb-spacing-right-large:3.84%;--awb-margin-bottom-large:0px;--awb-spacing-left-large:3.84%;--awb-width-medium:50%;--awb-order-medium:0;--awb-spacing-right-medium:3.84%;--awb-spacing-left-medium:3.84%;--awb-width-small:100%;--awb-order-small:0;--awb-spacing-right-small:1.92%;--awb-spacing-left-small:1.92%;\"><div class=\"fusion-column-wrapper fusion-column-has-shadow fusion-flex-justify-content-flex-start fusion-content-layout-column\"><div class=\"fusion-title title fusion-title-1 fusion-sep-none fusion-title-center fusion-title-text fusion-title-size-one\" style=\"--awb-margin-bottom:40px;--awb-margin-top-small:10px;--awb-margin-right-small:0px;--awb-margin-bottom-small:10px;--awb-margin-left-small:0px;\"><h1 class=\"fusion-title-heading title-heading-center\" style=\"margin:0;\">Formulaire de Contact<\/h1><\/div>\n<div class=\"wpcf7 no-js\" id=\"wpcf7-f121-o1\" lang=\"fr-FR\" dir=\"ltr\" data-wpcf7-id=\"121\">\n<div class=\"screen-reader-response\"><p role=\"status\" aria-live=\"polite\" aria-atomic=\"true\"><\/p> <ul><\/ul><\/div>\n<form action=\"\/fr\/wp-json\/wp\/v2\/pages\/76#wpcf7-f121-o1\" method=\"post\" class=\"wpcf7-form init wpcf7-acceptance-as-validation\" aria-label=\"Formulaire de contact\" novalidate=\"novalidate\" data-status=\"init\">\n<fieldset class=\"hidden-fields-container\"><input type=\"hidden\" name=\"_wpcf7\" value=\"121\" \/><input type=\"hidden\" name=\"_wpcf7_version\" value=\"6.1.5\" \/><input type=\"hidden\" name=\"_wpcf7_locale\" value=\"fr_FR\" \/><input type=\"hidden\" name=\"_wpcf7_unit_tag\" value=\"wpcf7-f121-o1\" \/><input type=\"hidden\" name=\"_wpcf7_container_post\" value=\"0\" \/><input type=\"hidden\" name=\"_wpcf7_posted_data_hash\" value=\"\" \/><input type=\"hidden\" name=\"_wpcf7_recaptcha_response\" value=\"\" \/>\n<\/fieldset>\n<p><label> Nom<br \/>\n<span class=\"wpcf7-form-control-wrap\" data-name=\"your-name\"><input size=\"40\" maxlength=\"400\" class=\"wpcf7-form-control wpcf7-text wpcf7-validates-as-required\" autocomplete=\"name\" aria-required=\"true\" aria-invalid=\"false\" value=\"\" type=\"text\" name=\"your-name\" \/><\/span> <\/label>\n<\/p>\n<p><label> Pr\u00e9nom<br \/>\n<span class=\"wpcf7-form-control-wrap\" data-name=\"your-surname\"><input size=\"40\" maxlength=\"400\" class=\"wpcf7-form-control wpcf7-text wpcf7-validates-as-required\" autocomplete=\"family-name\" aria-required=\"true\" aria-invalid=\"false\" value=\"\" type=\"text\" name=\"your-surname\" \/><\/span> <\/label>\n<\/p>\n<p><label> Email<br \/>\n<span class=\"wpcf7-form-control-wrap\" data-name=\"your-email\"><input size=\"40\" maxlength=\"400\" class=\"wpcf7-form-control wpcf7-email wpcf7-validates-as-required wpcf7-text wpcf7-validates-as-email\" autocomplete=\"email\" aria-required=\"true\" aria-invalid=\"false\" value=\"\" type=\"email\" name=\"your-email\" \/><\/span> <\/label>\n<\/p>\n<p><label> T\u00e9l\u00e9phone portable<br \/>\n<span class=\"wpcf7-form-control-wrap your-international-phone\"><input class=\"wpcf7-form-control wpcf7-intl_tel wpcf7-validates-as-required wpcf7-intl-tel\" aria-required=\"true\" aria-invalid=\"false\" placeholder=\"\" data-initialcountry=\"ch\" value=\"\" type=\"tel\" name=\"your-international-phone-cf7it-national\" \/><input name=\"your-international-phone\" type=\"hidden\" class=\"wpcf7-intl-tel-full\" \/><input type=\"hidden\" name=\"your-international-phone-cf7it-country-name\" class=\"wpcf7-intl-tel-country-name\" \/><input type=\"hidden\" name=\"your-international-phone-cf7it-country-code\" class=\"wpcf7-intl-tel-country-code\" \/><input type=\"hidden\" name=\"your-international-phone-cf7it-country-iso2\" class=\"wpcf7-intl-tel-country-iso2\" \/><\/span><\/label>\n<\/p>\n<p><label> Mod\u00e8le de voiture<br \/>\n<span class=\"wpcf7-form-control-wrap\" data-name=\"your-model\"><select class=\"wpcf7-form-control wpcf7-select wpcf7-validates-as-required\" aria-required=\"true\" aria-invalid=\"false\" name=\"your-model\"><option value=\"308 GTB (1975)\">308 GTB (1975)<\/option><option value=\"308 GTS (1977)\">308 GTS (1977)<\/option><option value=\"308 GTBi \/ GTSi (1980)\">308 GTBi \/ GTSi (1980)<\/option><option value=\"308 GTB \/ GTS Quattrovalvole (1982)\">308 GTB \/ GTS Quattrovalvole (1982)<\/option><option value=\"208 GTB \/ GTS (1980)\">208 GTB \/ GTS (1980)<\/option><option value=\"208 GTB Turbo (1982)\">208 GTB Turbo (1982)<\/option><option value=\"208 GTS Turbo (1983)\">208 GTS Turbo (1983)<\/option><option value=\"328 GTB \/ GTS (1985)\">328 GTB \/ GTS (1985)<\/option><option value=\"Dino 308 GT4 (1973)\">Dino 308 GT4 (1973)<\/option><option value=\"Dino 208 GT4 (1975)\">Dino 208 GT4 (1975)<\/option><\/select><\/span> <\/label>\n<\/p>\n<p><label> Message<br \/>\n<span class=\"wpcf7-form-control-wrap\" data-name=\"your-message\"><textarea cols=\"40\" rows=\"10\" maxlength=\"2000\" class=\"wpcf7-form-control wpcf7-textarea\" aria-invalid=\"false\" name=\"your-message\"><\/textarea><\/span> <\/label>\n<\/p>\n<p><span class=\"wpcf7-form-control-wrap\" data-name=\"informativa\"><span class=\"wpcf7-form-control wpcf7-acceptance\"><span class=\"wpcf7-list-item\"><input type=\"checkbox\" name=\"informativa\" value=\"1\" aria-invalid=\"false\" \/><\/span><\/span><\/span><span class=\"policy-check\">Je d\u00e9clare avoir lu la <a href=\"https:\/\/308tour.com\/privacy-policy\/\" target=\"_blank\">Politique de Confidentialit\u00e9<\/a> et je consens au traitement de mes donn\u00e9es personnelles.<\/span>\n<\/p>\n<p><input class=\"wpcf7-form-control wpcf7-submit has-spinner\" type=\"submit\" value=\"Envoyer\" \/>\n<\/p><div class=\"fusion-alert alert custom alert-custom fusion-alert-center wpcf7-response-output awb-alert-native-link-color alert-dismissable awb-alert-close-boxed\" style=\"--awb-border-size:1px;--awb-border-top-left-radius:0px;--awb-border-top-right-radius:0px;--awb-border-bottom-left-radius:0px;--awb-border-bottom-right-radius:0px;\" role=\"alert\"><div class=\"fusion-alert-content-wrapper\"><span class=\"fusion-alert-content\"><\/span><\/div><button type=\"button\" class=\"close toggle-alert\" data-dismiss=\"alert\" aria-label=\"Close\">&times;<\/button><\/div>\n<\/form>\n<\/div>\n<\/div><\/div><\/div><\/div>\n","protected":false},"excerpt":{"rendered":"","protected":false},"author":1,"featured_media":0,"parent":0,"menu_order":2,"comment_status":"closed","ping_status":"closed","template":"100-width.php","meta":{"footnotes":""},"class_list":["post-76","page","type-page","status-publish","hentry"],"yoast_head":"<!-- This site is optimized with the Yoast SEO plugin v27.4 - https:\/\/yoast.com\/product\/yoast-seo-wordpress\/ -->\n<title>Contact - 308 Tour<\/title>\n<meta name=\"description\" content=\"Le 308 Tour c\u00e9l\u00e8bre les 50 ans de la Ferrari 308 GTB, pr\u00e9sent\u00e9e \u00e0 Paris en 1975 et produite \u00e0 plus de 12 000 exemplaires, une ic\u00f4ne l\u00e9gendaire.\" \/>\n<meta name=\"robots\" content=\"index, follow, max-snippet:-1, max-image-preview:large, max-video-preview:-1\" \/>\n<link rel=\"canonical\" href=\"https:\/\/308tour.com\/fr\/contact\/\" \/>\n<meta property=\"og:locale\" content=\"fr_FR\" \/>\n<meta property=\"og:type\" content=\"article\" \/>\n<meta property=\"og:title\" content=\"Contact - 308 Tour\" \/>\n<meta property=\"og:description\" content=\"Le 308 Tour c\u00e9l\u00e8bre les 50 ans de la Ferrari 308 GTB, pr\u00e9sent\u00e9e \u00e0 Paris en 1975 et produite \u00e0 plus de 12 000 exemplaires, une ic\u00f4ne l\u00e9gendaire.\" \/>\n<meta property=\"og:url\" content=\"https:\/\/308tour.com\/fr\/contact\/\" \/>\n<meta property=\"og:site_name\" content=\"308 Tour\" \/>\n<meta property=\"article:modified_time\" content=\"2025-09-03T14:42:12+00:00\" \/>\n<meta name=\"twitter:card\" content=\"summary_large_image\" \/>\n<meta name=\"twitter:label1\" content=\"Dur\u00e9e de lecture estim\u00e9e\" \/>\n\t<meta name=\"twitter:data1\" content=\"6 minutes\" \/>\n<script type=\"application\/ld+json\" class=\"yoast-schema-graph\">{\"@context\":\"https:\\\/\\\/schema.org\",\"@graph\":[{\"@type\":\"WebPage\",\"@id\":\"https:\\\/\\\/308tour.com\\\/fr\\\/contact\\\/\",\"url\":\"https:\\\/\\\/308tour.com\\\/fr\\\/contact\\\/\",\"name\":\"Contact - 308 Tour\",\"isPartOf\":{\"@id\":\"https:\\\/\\\/308tour.com\\\/fr\\\/#website\"},\"datePublished\":\"2025-09-03T08:02:13+00:00\",\"dateModified\":\"2025-09-03T14:42:12+00:00\",\"description\":\"Le 308 Tour c\u00e9l\u00e8bre les 50 ans de la Ferrari 308 GTB, pr\u00e9sent\u00e9e \u00e0 Paris en 1975 et produite \u00e0 plus de 12 000 exemplaires, une ic\u00f4ne l\u00e9gendaire.\",\"breadcrumb\":{\"@id\":\"https:\\\/\\\/308tour.com\\\/fr\\\/contact\\\/#breadcrumb\"},\"inLanguage\":\"fr-FR\",\"potentialAction\":[{\"@type\":\"ReadAction\",\"target\":[\"https:\\\/\\\/308tour.com\\\/fr\\\/contact\\\/\"]}]},{\"@type\":\"BreadcrumbList\",\"@id\":\"https:\\\/\\\/308tour.com\\\/fr\\\/contact\\\/#breadcrumb\",\"itemListElement\":[{\"@type\":\"ListItem\",\"position\":1,\"name\":\"Home\",\"item\":\"https:\\\/\\\/308tour.com\\\/fr\\\/\"},{\"@type\":\"ListItem\",\"position\":2,\"name\":\"Contact\"}]},{\"@type\":\"WebSite\",\"@id\":\"https:\\\/\\\/308tour.com\\\/fr\\\/#website\",\"url\":\"https:\\\/\\\/308tour.com\\\/fr\\\/\",\"name\":\"308 Tour\",\"description\":\"Ferrari 308 (1975) Anniversay\",\"publisher\":{\"@id\":\"https:\\\/\\\/308tour.com\\\/fr\\\/#organization\"},\"potentialAction\":[{\"@type\":\"SearchAction\",\"target\":{\"@type\":\"EntryPoint\",\"urlTemplate\":\"https:\\\/\\\/308tour.com\\\/fr\\\/?s={search_term_string}\"},\"query-input\":{\"@type\":\"PropertyValueSpecification\",\"valueRequired\":true,\"valueName\":\"search_term_string\"}}],\"inLanguage\":\"fr-FR\"},{\"@type\":\"Organization\",\"@id\":\"https:\\\/\\\/308tour.com\\\/fr\\\/#organization\",\"name\":\"308 Tour\",\"url\":\"https:\\\/\\\/308tour.com\\\/fr\\\/\",\"logo\":{\"@type\":\"ImageObject\",\"inLanguage\":\"fr-FR\",\"@id\":\"https:\\\/\\\/308tour.com\\\/fr\\\/#\\\/schema\\\/logo\\\/image\\\/\",\"url\":\"https:\\\/\\\/308tour.com\\\/wp-content\\\/uploads\\\/2025\\\/09\\\/logo-scaled.png\",\"contentUrl\":\"https:\\\/\\\/308tour.com\\\/wp-content\\\/uploads\\\/2025\\\/09\\\/logo-scaled.png\",\"width\":2560,\"height\":300,\"caption\":\"308 Tour\"},\"image\":{\"@id\":\"https:\\\/\\\/308tour.com\\\/fr\\\/#\\\/schema\\\/logo\\\/image\\\/\"}}]}<\/script>\n<!-- \/ Yoast SEO plugin. -->","yoast_head_json":{"title":"Contact - 308 Tour","description":"Le 308 Tour c\u00e9l\u00e8bre les 50 ans de la Ferrari 308 GTB, pr\u00e9sent\u00e9e \u00e0 Paris en 1975 et produite \u00e0 plus de 12 000 exemplaires, une ic\u00f4ne l\u00e9gendaire.","robots":{"index":"index","follow":"follow","max-snippet":"max-snippet:-1","max-image-preview":"max-image-preview:large","max-video-preview":"max-video-preview:-1"},"canonical":"https:\/\/308tour.com\/fr\/contact\/","og_locale":"fr_FR","og_type":"article","og_title":"Contact - 308 Tour","og_description":"Le 308 Tour c\u00e9l\u00e8bre les 50 ans de la Ferrari 308 GTB, pr\u00e9sent\u00e9e \u00e0 Paris en 1975 et produite \u00e0 plus de 12 000 exemplaires, une ic\u00f4ne l\u00e9gendaire.","og_url":"https:\/\/308tour.com\/fr\/contact\/","og_site_name":"308 Tour","article_modified_time":"2025-09-03T14:42:12+00:00","twitter_card":"summary_large_image","twitter_misc":{"Dur\u00e9e de lecture estim\u00e9e":"6 minutes"},"schema":{"@context":"https:\/\/schema.org","@graph":[{"@type":"WebPage","@id":"https:\/\/308tour.com\/fr\/contact\/","url":"https:\/\/308tour.com\/fr\/contact\/","name":"Contact - 308 Tour","isPartOf":{"@id":"https:\/\/308tour.com\/fr\/#website"},"datePublished":"2025-09-03T08:02:13+00:00","dateModified":"2025-09-03T14:42:12+00:00","description":"Le 308 Tour c\u00e9l\u00e8bre les 50 ans de la Ferrari 308 GTB, pr\u00e9sent\u00e9e \u00e0 Paris en 1975 et produite \u00e0 plus de 12 000 exemplaires, une ic\u00f4ne l\u00e9gendaire.","breadcrumb":{"@id":"https:\/\/308tour.com\/fr\/contact\/#breadcrumb"},"inLanguage":"fr-FR","potentialAction":[{"@type":"ReadAction","target":["https:\/\/308tour.com\/fr\/contact\/"]}]},{"@type":"BreadcrumbList","@id":"https:\/\/308tour.com\/fr\/contact\/#breadcrumb","itemListElement":[{"@type":"ListItem","position":1,"name":"Home","item":"https:\/\/308tour.com\/fr\/"},{"@type":"ListItem","position":2,"name":"Contact"}]},{"@type":"WebSite","@id":"https:\/\/308tour.com\/fr\/#website","url":"https:\/\/308tour.com\/fr\/","name":"308 Tour","description":"Ferrari 308 (1975) Anniversay","publisher":{"@id":"https:\/\/308tour.com\/fr\/#organization"},"potentialAction":[{"@type":"SearchAction","target":{"@type":"EntryPoint","urlTemplate":"https:\/\/308tour.com\/fr\/?s={search_term_string}"},"query-input":{"@type":"PropertyValueSpecification","valueRequired":true,"valueName":"search_term_string"}}],"inLanguage":"fr-FR"},{"@type":"Organization","@id":"https:\/\/308tour.com\/fr\/#organization","name":"308 Tour","url":"https:\/\/308tour.com\/fr\/","logo":{"@type":"ImageObject","inLanguage":"fr-FR","@id":"https:\/\/308tour.com\/fr\/#\/schema\/logo\/image\/","url":"https:\/\/308tour.com\/wp-content\/uploads\/2025\/09\/logo-scaled.png","contentUrl":"https:\/\/308tour.com\/wp-content\/uploads\/2025\/09\/logo-scaled.png","width":2560,"height":300,"caption":"308 Tour"},"image":{"@id":"https:\/\/308tour.com\/fr\/#\/schema\/logo\/image\/"}}]}},"_links":{"self":[{"href":"https:\/\/308tour.com\/fr\/wp-json\/wp\/v2\/pages\/76","targetHints":{"allow":["GET"]}}],"collection":[{"href":"https:\/\/308tour.com\/fr\/wp-json\/wp\/v2\/pages"}],"about":[{"href":"https:\/\/308tour.com\/fr\/wp-json\/wp\/v2\/types\/page"}],"author":[{"embeddable":true,"href":"https:\/\/308tour.com\/fr\/wp-json\/wp\/v2\/users\/1"}],"replies":[{"embeddable":true,"href":"https:\/\/308tour.com\/fr\/wp-json\/wp\/v2\/comments?post=76"}],"version-history":[{"count":6,"href":"https:\/\/308tour.com\/fr\/wp-json\/wp\/v2\/pages\/76\/revisions"}],"predecessor-version":[{"id":338,"href":"https:\/\/308tour.com\/fr\/wp-json\/wp\/v2\/pages\/76\/revisions\/338"}],"wp:attachment":[{"href":"https:\/\/308tour.com\/fr\/wp-json\/wp\/v2\/media?parent=76"}],"curies":[{"name":"wp","href":"https:\/\/api.w.org\/{rel}","templated":true}]}}